{"id":2129,"date":"2022-02-09T11:30:58","date_gmt":"2022-02-09T10:30:58","guid":{"rendered":"https:\/\/propertyworldmediterraneo.com\/?page_id=2129"},"modified":"2023-06-08T12:28:03","modified_gmt":"2023-06-08T10:28:03","slug":"property-world","status":"publish","type":"page","link":"https:\/\/propertyworldmediterraneo.com\/en\/property-world\/","title":{"rendered":"Property World"},"content":{"rendered":"\t\t<div data-elementor-type=\"wp-post\" data-elementor-id=\"2129\" class=\"elementor elementor-2129 elementor-727\" data-elementor-settings=\"[]\">\n\t\t\t\t\t\t<div class=\"elementor-inner\">\n\t\t\t\t\t\t\t<div class=\"elementor-section-wrap\">\n\t\t\t\t\t\t\t<section class=\"elementor-section elementor-top-section elementor-element elementor-element-aee1c31 elementor-section-boxed elementor-section-height-default elementor-section-height-default\" data-id=\"aee1c31\" data-element_type=\"section\" data-settings=\"{&quot;jet_parallax_layout_list&quot;:[{&quot;jet_parallax_layout_image&quot;:{&quot;url&quot;:&quot;&quot;,&quot;id&quot;:&quot;&quot;},&quot;_id&quot;:&quot;c784067&quot;,&quot;jet_parallax_layout_image_tablet&quot;:{&quot;url&quot;:&quot;&quot;,&quot;id&quot;:&quot;&quot;},&quot;jet_parallax_layout_image_mobile&quot;:{&quot;url&quot;:&quot;&quot;,&quot;id&quot;:&quot;&quot;},&quot;jet_parallax_layout_speed&quot;:{&quot;unit&quot;:&quot;%&quot;,&quot;size&quot;:50,&quot;sizes&quot;:[]},&quot;jet_parallax_layout_type&quot;:&quot;scroll&quot;,&quot;jet_parallax_layout_direction&quot;:null,&quot;jet_parallax_layout_fx_direction&quot;:null,&quot;jet_parallax_layout_z_index&quot;:&quot;&quot;,&quot;jet_parallax_layout_bg_x&quot;:50,&quot;jet_parallax_layout_bg_x_tablet&quot;:&quot;&quot;,&quot;jet_parallax_layout_bg_x_mobile&quot;:&quot;&quot;,&quot;jet_parallax_layout_bg_y&quot;:50,&quot;jet_parallax_layout_bg_y_tablet&quot;:&quot;&quot;,&quot;jet_parallax_layout_bg_y_mobile&quot;:&quot;&quot;,&quot;jet_parallax_layout_bg_size&quot;:&quot;auto&quot;,&quot;jet_parallax_layout_bg_size_tablet&quot;:&quot;&quot;,&quot;jet_parallax_layout_bg_size_mobile&quot;:&quot;&quot;,&quot;jet_parallax_layout_animation_prop&quot;:&quot;transform&quot;,&quot;jet_parallax_layout_on&quot;:[&quot;desktop&quot;,&quot;tablet&quot;]}]}\">\n\t\t\t\t\t\t<div class=\"elementor-container elementor-column-gap-default\">\n\t\t\t\t\t\t\t<div class=\"elementor-row\">\n\t\t\t\t\t<div class=\"elementor-column elementor-col-100 elementor-top-column elementor-element elementor-element-36416f6\" data-id=\"36416f6\" data-element_type=\"column\">\n\t\t\t<div class=\"elementor-column-wrap elementor-element-populated\">\n\t\t\t\t\t\t\t<div class=\"elementor-widget-wrap\">\n\t\t\t\t\t\t<div class=\"elementor-element elementor-element-142e1b5 titulos-home elementor-widget elementor-widget-heading\" data-id=\"142e1b5\" data-element_type=\"widget\" data-widget_type=\"heading.default\">\n\t\t\t\t<div class=\"elementor-widget-container\">\n\t\t\t<h2 class=\"elementor-heading-title elementor-size-default\">Your quality residential<\/br> <strong>Property World<\/strong><b>.<\/b><\/h2>\t\t<\/div>\n\t\t\t\t<\/div>\n\t\t\t\t\t\t<\/div>\n\t\t\t\t\t<\/div>\n\t\t<\/div>\n\t\t\t\t\t\t\t\t<\/div>\n\t\t\t\t\t<\/div>\n\t\t<\/section>\n\t\t\t\t<section class=\"elementor-section elementor-top-section elementor-element elementor-element-6d31acb elementor-section-full_width elementor-section-height-default elementor-section-height-default\" data-id=\"6d31acb\" data-element_type=\"section\" data-settings=\"{&quot;jet_parallax_layout_list&quot;:[{&quot;jet_parallax_layout_image&quot;:{&quot;url&quot;:&quot;&quot;,&quot;id&quot;:&quot;&quot;},&quot;_id&quot;:&quot;9fb6a55&quot;,&quot;jet_parallax_layout_image_tablet&quot;:{&quot;url&quot;:&quot;&quot;,&quot;id&quot;:&quot;&quot;},&quot;jet_parallax_layout_image_mobile&quot;:{&quot;url&quot;:&quot;&quot;,&quot;id&quot;:&quot;&quot;},&quot;jet_parallax_layout_speed&quot;:{&quot;unit&quot;:&quot;%&quot;,&quot;size&quot;:50,&quot;sizes&quot;:[]},&quot;jet_parallax_layout_type&quot;:&quot;scroll&quot;,&quot;jet_parallax_layout_direction&quot;:null,&quot;jet_parallax_layout_fx_direction&quot;:null,&quot;jet_parallax_layout_z_index&quot;:&quot;&quot;,&quot;jet_parallax_layout_bg_x&quot;:50,&quot;jet_parallax_layout_bg_x_tablet&quot;:&quot;&quot;,&quot;jet_parallax_layout_bg_x_mobile&quot;:&quot;&quot;,&quot;jet_parallax_layout_bg_y&quot;:50,&quot;jet_parallax_layout_bg_y_tablet&quot;:&quot;&quot;,&quot;jet_parallax_layout_bg_y_mobile&quot;:&quot;&quot;,&quot;jet_parallax_layout_bg_size&quot;:&quot;auto&quot;,&quot;jet_parallax_layout_bg_size_tablet&quot;:&quot;&quot;,&quot;jet_parallax_layout_bg_size_mobile&quot;:&quot;&quot;,&quot;jet_parallax_layout_animation_prop&quot;:&quot;transform&quot;,&quot;jet_parallax_layout_on&quot;:[&quot;desktop&quot;,&quot;tablet&quot;]}]}\">\n\t\t\t\t\t\t<div class=\"elementor-container elementor-column-gap-default\">\n\t\t\t\t\t\t\t<div class=\"elementor-row\">\n\t\t\t\t\t<div class=\"elementor-column elementor-col-100 elementor-top-column elementor-element elementor-element-772cbe6\" data-id=\"772cbe6\" data-element_type=\"column\">\n\t\t\t<div class=\"elementor-column-wrap elementor-element-populated\">\n\t\t\t\t\t\t\t<div class=\"elementor-widget-wrap\">\n\t\t\t\t\t\t<div class=\"elementor-element elementor-element-abce0e4 elementor-widget elementor-widget-jet-posts\" data-id=\"abce0e4\" data-element_type=\"widget\" data-settings=\"{&quot;columns&quot;:&quot;1&quot;}\" data-widget_type=\"jet-posts.default\">\n\t\t\t\t<div class=\"elementor-widget-container\">\n\t\t\t<div class=\"elementor-jet-posts jet-elements\"><div class=\"jet-posts col-row disable-cols-gap disable-rows-gap\"><div class=\"jet-posts__item\">\n\t<div class=\"jet-posts__inner-box\"><div class=\"jet-posts__terms\"><a href=\"https:\/\/propertyworldmediterraneo.com\/en\/featured_item_tag\/under-construction\/\" class=\"jet-posts__terms-link\">Under Construction<\/a><\/div><div class=\"jet-posts__inner-content\"><h4 class=\"entry-title\"><a href=\"https:\/\/propertyworldmediterraneo.com\/en\/promotions\/propety-world-en\/sinergia-world-viii\/\">Sinerg\u00eda World VIII<\/a><\/h4><div class=\"jet-more-wrap\"><a href=\"https:\/\/propertyworldmediterraneo.com\/en\/promotions\/propety-world-en\/sinergia-world-viii\/\" class=\"btn btn-primary elementor-button elementor-size-md jet-more\"><span class=\"btn__text\">MORE INFO<\/span><\/a><\/div><\/div><\/div>\n<\/div>\n<div class=\"jet-posts__item\">\n\t<div class=\"jet-posts__inner-box\"><div class=\"jet-posts__terms\"><a href=\"https:\/\/propertyworldmediterraneo.com\/en\/featured_item_tag\/under-construction\/\" class=\"jet-posts__terms-link\">Under Construction<\/a><\/div><div class=\"jet-posts__inner-content\"><h4 class=\"entry-title\"><a href=\"https:\/\/propertyworldmediterraneo.com\/en\/promotions\/propety-world-en\/sinergia-world-vii\/\">Sinerg\u00eda World VII<\/a><\/h4><div class=\"jet-more-wrap\"><a href=\"https:\/\/propertyworldmediterraneo.com\/en\/promotions\/propety-world-en\/sinergia-world-vii\/\" class=\"btn btn-primary elementor-button elementor-size-md jet-more\"><span class=\"btn__text\">MORE INFO<\/span><\/a><\/div><\/div><\/div>\n<\/div>\n<div class=\"jet-posts__item\">\n\t<div class=\"jet-posts__inner-box\"><div class=\"jet-posts__terms\"><a href=\"https:\/\/propertyworldmediterraneo.com\/en\/featured_item_tag\/sold-out\/\" class=\"jet-posts__terms-link\">Sold Out<\/a><\/div><div class=\"jet-posts__inner-content\"><h4 class=\"entry-title\"><a href=\"https:\/\/propertyworldmediterraneo.com\/en\/promotions\/propety-world-en\/sinergia-world-v-vi\/\">Sinerg\u00eda World V & VI<\/a><\/h4><div class=\"jet-more-wrap\"><a href=\"https:\/\/propertyworldmediterraneo.com\/en\/promotions\/propety-world-en\/sinergia-world-v-vi\/\" class=\"btn btn-primary elementor-button elementor-size-md jet-more\"><span class=\"btn__text\">MORE INFO<\/span><\/a><\/div><\/div><\/div>\n<\/div>\n<div class=\"jet-posts__item\">\n\t<div class=\"jet-posts__inner-box\"><div class=\"jet-posts__terms\"><a href=\"https:\/\/propertyworldmediterraneo.com\/en\/featured_item_tag\/sold-out\/\" class=\"jet-posts__terms-link\">Sold Out<\/a><\/div><div class=\"jet-posts__inner-content\"><h4 class=\"entry-title\"><a href=\"https:\/\/propertyworldmediterraneo.com\/en\/promotions\/propety-world-en\/sinergia-world-iv\/\">Sinergia World IV<\/a><\/h4><div class=\"jet-more-wrap\"><a href=\"https:\/\/propertyworldmediterraneo.com\/en\/promotions\/propety-world-en\/sinergia-world-iv\/\" class=\"btn btn-primary elementor-button elementor-size-md jet-more\"><span class=\"btn__text\">MORE INFO<\/span><\/a><\/div><\/div><\/div>\n<\/div>\n<div class=\"jet-posts__item\">\n\t<div class=\"jet-posts__inner-box\"><div class=\"jet-posts__terms\"><a href=\"https:\/\/propertyworldmediterraneo.com\/en\/featured_item_tag\/sold-out\/\" class=\"jet-posts__terms-link\">Sold Out<\/a><\/div><div class=\"jet-posts__inner-content\"><h4 class=\"entry-title\"><a href=\"https:\/\/propertyworldmediterraneo.com\/en\/promotions\/propety-world-en\/sinergia-world-iii\/\">Sinerg\u00eda World III<\/a><\/h4><div class=\"jet-more-wrap\"><a href=\"https:\/\/propertyworldmediterraneo.com\/en\/promotions\/propety-world-en\/sinergia-world-iii\/\" class=\"btn btn-primary elementor-button elementor-size-md jet-more\"><span class=\"btn__text\">MORE INFO<\/span><\/a><\/div><\/div><\/div>\n<\/div>\n<div class=\"jet-posts__item\">\n\t<div class=\"jet-posts__inner-box\"><div class=\"jet-posts__terms\"><a href=\"https:\/\/propertyworldmediterraneo.com\/en\/featured_item_tag\/sold-out\/\" class=\"jet-posts__terms-link\">Sold Out<\/a><\/div><div class=\"jet-posts__inner-content\"><h4 class=\"entry-title\"><a href=\"https:\/\/propertyworldmediterraneo.com\/en\/promotions\/propety-world-en\/sinergia-world-ii\/\">Sinerg\u00eda World II<\/a><\/h4><div class=\"jet-more-wrap\"><a href=\"https:\/\/propertyworldmediterraneo.com\/en\/promotions\/propety-world-en\/sinergia-world-ii\/\" class=\"btn btn-primary elementor-button elementor-size-md jet-more\"><span class=\"btn__text\">MORE INFO<\/span><\/a><\/div><\/div><\/div>\n<\/div>\n<div class=\"jet-posts__item\">\n\t<div class=\"jet-posts__inner-box\"><div class=\"jet-posts__terms\"><a href=\"https:\/\/propertyworldmediterraneo.com\/en\/featured_item_tag\/sold-out\/\" class=\"jet-posts__terms-link\">Sold Out<\/a><\/div><div class=\"jet-posts__inner-content\"><h4 class=\"entry-title\"><a href=\"https:\/\/propertyworldmediterraneo.com\/en\/promotions\/propety-world-en\/sinergia-world-i\/\">Sinergia World I<\/a><\/h4><div class=\"jet-more-wrap\"><a href=\"https:\/\/propertyworldmediterraneo.com\/en\/promotions\/propety-world-en\/sinergia-world-i\/\" class=\"btn btn-primary elementor-button elementor-size-md jet-more\"><span class=\"btn__text\">MORE INFO<\/span><\/a><\/div><\/div><\/div>\n<\/div>\n<\/div>\n<\/div>\t\t<\/div>\n\t\t\t\t<\/div>\n\t\t\t\t\t\t<\/div>\n\t\t\t\t\t<\/div>\n\t\t<\/div>\n\t\t\t\t\t\t\t\t<\/div>\n\t\t\t\t\t<\/div>\n\t\t<\/section>\n\t\t\t\t\t\t<\/div>\n\t\t\t\t\t\t<\/div>\n\t\t\t\t\t<\/div>\n\t\t","protected":false},"excerpt":{"rendered":"<p>Your quality residential Property World. Under Construction Sinerg\u00eda World VIII MORE INFO Under Construction Sinerg\u00eda World VII MORE INFO Sold Out Sinerg\u00eda World V &#038; VI MORE INFO Sold Out Sinergia World IV MORE INFO Sold Out Sinerg\u00eda World III MORE INFO Sold Out Sinerg\u00eda World II MORE INFO Sold Out Sinergia World I MORE&#8230;<\/p>\n","protected":false},"author":2,"featured_media":0,"parent":0,"menu_order":0,"comment_status":"closed","ping_status":"closed","template":"page-blank.php","meta":[],"yoast_head":"<!-- This site is optimized with the Yoast SEO Premium plugin v17.3 (Yoast SEO v18.4.1) - https:\/\/yoast.com\/wordpress\/plugins\/seo\/ -->\n<title>Property World | PROPERTY WORLD<\/title>\n<meta name=\"robots\" content=\"index, follow, max-snippet:-1, max-image-preview:large, max-video-preview:-1\" \/>\n<link rel=\"canonical\" href=\"https:\/\/propertyworldmediterraneo.com\/en\/property-world\/\" \/>\n<meta property=\"og:locale\" content=\"en_US\" \/>\n<meta property=\"og:type\" content=\"article\" \/>\n<meta property=\"og:title\" content=\"Property World\" \/>\n<meta property=\"og:description\" content=\"Your quality residential Property World. Under Construction Sinerg\u00eda World VIII MORE INFO Under Construction Sinerg\u00eda World VII MORE INFO Sold Out Sinerg\u00eda World V &#038; VI MORE INFO Sold Out Sinergia World IV MORE INFO Sold Out Sinerg\u00eda World III MORE INFO Sold Out Sinerg\u00eda World II MORE INFO Sold Out Sinergia World I MORE...\" \/>\n<meta property=\"og:url\" content=\"https:\/\/propertyworldmediterraneo.com\/en\/property-world\/\" \/>\n<meta property=\"og:site_name\" content=\"PROPERTY WORLD\" \/>\n<meta property=\"article:modified_time\" content=\"2023-06-08T10:28:03+00:00\" \/>\n<meta name=\"twitter:card\" content=\"summary_large_image\" \/>\n<meta name=\"twitter:label1\" content=\"Est. reading time\" \/>\n\t<meta name=\"twitter:data1\" content=\"1 minute\" \/>\n<script type=\"application\/ld+json\" class=\"yoast-schema-graph\">{\"@context\":\"https:\/\/schema.org\",\"@graph\":[{\"@type\":\"WebSite\",\"@id\":\"https:\/\/propertyworldmediterraneo.com\/#website\",\"url\":\"https:\/\/propertyworldmediterraneo.com\/\",\"name\":\"PROPERTY WORLD\",\"description\":\"M\u00e1s de 35 a\u00f1os de experiencia.\",\"potentialAction\":[{\"@type\":\"SearchAction\",\"target\":{\"@type\":\"EntryPoint\",\"urlTemplate\":\"https:\/\/propertyworldmediterraneo.com\/?s={search_term_string}\"},\"query-input\":\"required name=search_term_string\"}],\"inLanguage\":\"en-US\"},{\"@type\":\"WebPage\",\"@id\":\"https:\/\/propertyworldmediterraneo.com\/en\/property-world\/#webpage\",\"url\":\"https:\/\/propertyworldmediterraneo.com\/en\/property-world\/\",\"name\":\"Property World | PROPERTY WORLD\",\"isPartOf\":{\"@id\":\"https:\/\/propertyworldmediterraneo.com\/#website\"},\"datePublished\":\"2022-02-09T10:30:58+00:00\",\"dateModified\":\"2023-06-08T10:28:03+00:00\",\"breadcrumb\":{\"@id\":\"https:\/\/propertyworldmediterraneo.com\/en\/property-world\/#breadcrumb\"},\"inLanguage\":\"en-US\",\"potentialAction\":[{\"@type\":\"ReadAction\",\"target\":[\"https:\/\/propertyworldmediterraneo.com\/en\/property-world\/\"]}]},{\"@type\":\"BreadcrumbList\",\"@id\":\"https:\/\/propertyworldmediterraneo.com\/en\/property-world\/#breadcrumb\",\"itemListElement\":[{\"@type\":\"ListItem\",\"position\":1,\"name\":\"Home\",\"item\":\"https:\/\/propertyworldmediterraneo.com\/en\/\"},{\"@type\":\"ListItem\",\"position\":2,\"name\":\"Property World\"}]}]}<\/script>\n<!-- \/ Yoast SEO Premium plugin. -->","yoast_head_json":{"title":"Property World | PROPERTY WORLD","robots":{"index":"index","follow":"follow","max-snippet":"max-snippet:-1","max-image-preview":"max-image-preview:large","max-video-preview":"max-video-preview:-1"},"canonical":"https:\/\/propertyworldmediterraneo.com\/en\/property-world\/","og_locale":"en_US","og_type":"article","og_title":"Property World","og_description":"Your quality residential Property World. Under Construction Sinerg\u00eda World VIII MORE INFO Under Construction Sinerg\u00eda World VII MORE INFO Sold Out Sinerg\u00eda World V &#038; VI MORE INFO Sold Out Sinergia World IV MORE INFO Sold Out Sinerg\u00eda World III MORE INFO Sold Out Sinerg\u00eda World II MORE INFO Sold Out Sinergia World I MORE...","og_url":"https:\/\/propertyworldmediterraneo.com\/en\/property-world\/","og_site_name":"PROPERTY WORLD","article_modified_time":"2023-06-08T10:28:03+00:00","twitter_card":"summary_large_image","twitter_misc":{"Est. reading time":"1 minute"},"schema":{"@context":"https:\/\/schema.org","@graph":[{"@type":"WebSite","@id":"https:\/\/propertyworldmediterraneo.com\/#website","url":"https:\/\/propertyworldmediterraneo.com\/","name":"PROPERTY WORLD","description":"M\u00e1s de 35 a\u00f1os de experiencia.","potentialAction":[{"@type":"SearchAction","target":{"@type":"EntryPoint","urlTemplate":"https:\/\/propertyworldmediterraneo.com\/?s={search_term_string}"},"query-input":"required name=search_term_string"}],"inLanguage":"en-US"},{"@type":"WebPage","@id":"https:\/\/propertyworldmediterraneo.com\/en\/property-world\/#webpage","url":"https:\/\/propertyworldmediterraneo.com\/en\/property-world\/","name":"Property World | PROPERTY WORLD","isPartOf":{"@id":"https:\/\/propertyworldmediterraneo.com\/#website"},"datePublished":"2022-02-09T10:30:58+00:00","dateModified":"2023-06-08T10:28:03+00:00","breadcrumb":{"@id":"https:\/\/propertyworldmediterraneo.com\/en\/property-world\/#breadcrumb"},"inLanguage":"en-US","potentialAction":[{"@type":"ReadAction","target":["https:\/\/propertyworldmediterraneo.com\/en\/property-world\/"]}]},{"@type":"BreadcrumbList","@id":"https:\/\/propertyworldmediterraneo.com\/en\/property-world\/#breadcrumb","itemListElement":[{"@type":"ListItem","position":1,"name":"Home","item":"https:\/\/propertyworldmediterraneo.com\/en\/"},{"@type":"ListItem","position":2,"name":"Property World"}]}]}},"_links":{"self":[{"href":"https:\/\/propertyworldmediterraneo.com\/en\/wp-json\/wp\/v2\/pages\/2129"}],"collection":[{"href":"https:\/\/propertyworldmediterraneo.com\/en\/wp-json\/wp\/v2\/pages"}],"about":[{"href":"https:\/\/propertyworldmediterraneo.com\/en\/wp-json\/wp\/v2\/types\/page"}],"author":[{"embeddable":true,"href":"https:\/\/propertyworldmediterraneo.com\/en\/wp-json\/wp\/v2\/users\/2"}],"replies":[{"embeddable":true,"href":"https:\/\/propertyworldmediterraneo.com\/en\/wp-json\/wp\/v2\/comments?post=2129"}],"version-history":[{"count":19,"href":"https:\/\/propertyworldmediterraneo.com\/en\/wp-json\/wp\/v2\/pages\/2129\/revisions"}],"predecessor-version":[{"id":3223,"href":"https:\/\/propertyworldmediterraneo.com\/en\/wp-json\/wp\/v2\/pages\/2129\/revisions\/3223"}],"wp:attachment":[{"href":"https:\/\/propertyworldmediterraneo.com\/en\/wp-json\/wp\/v2\/media?parent=2129"}],"curies":[{"name":"wp","href":"https:\/\/api.w.org\/{rel}","templated":true}]}}